{"id":24,"date":"2020-05-02T10:17:47","date_gmt":"2020-05-02T10:17:47","guid":{"rendered":"http:\/\/wayris.org\/?page_id=24"},"modified":"2021-03-16T18:11:32","modified_gmt":"2021-03-16T18:11:32","slug":"homepage","status":"publish","type":"page","link":"https:\/\/wayris.org\/ro\/","title":{"rendered":"Wayris &#8211; Edible cups"},"content":{"rendered":"<p><a href=\"https:\/\/www.instagram.com\/explore\/tags\/enjoyandsave\" target=\"_blank\" rel=\"noopener noreferrer\">#enjoyandsave<\/a><\/p>\n\t<h1>\n\t\t\t\t\tSavurati-va cafeaua, Salvati Planeta\n\t\t\t\t<\/h1>\n\t<p class=\" translation-block\">Readuce-\u021bi \u00eenapoi aspectul natural \ud83c\udf3f al planetei noastre! <strong>Proteja\u021bi-o<\/strong>, <strong>respecta\u021bi-o<\/strong> \u0219i <strong>fi\u021bi o parte a naturii.<\/strong><\/p>\n\t\t\t<a href=\"https:\/\/wayris.org\/ro\/gallery\/\" target=\"_self\" role=\"button\" rel=\"nofollow noopener noreferrer\">\n\t\t\t\t\t\tGaleria noastr\u0103\n\t\t<\/a>\n\t\t\t\t\t<a href=\"#zoom-popup-24\" target=\"_self\" role=\"button\" data-popup-type=\"inline\" rel=\"noopener noreferrer\">\n\t\t\t\t\t\tVezi istoria noastr\u0103\n\t\t<\/a>\n\t\t\t\t<img src=\"http:\/\/wayris.org\/wp-content\/uploads\/2020\/08\/Wayris-Logo-web-4-01-2-300x164.png\" alt=\"Wayris Logo web 4-01\" itemprop=\"image\" title=\"Wayris Logo web 4-01\" onerror=\"this.style.display='none'\">\n\t<p>Despre p\u0103h\u0103ru\u021bele noastre comestibile<\/p>\n\t<h2>\n\t\t\t\t\tScurta informatie despre noi\n\t\t\t\t<\/h2>\n\t<p class=\" translation-block\">Paharutele <strong>Wayris<\/strong> sunt o alternativa pentru inlocuirea celor din plastic si carton plast. Ele sunt comestibile si delicioase, biscuitul delicios este apreciat si de copii. Paharutele <strong>contin doar ingredient naturale<\/strong>.<\/p>\n\t\t\t<a href=\"https:\/\/wayris.org\/ro\/about\/\" target=\"_self\" role=\"button\" rel=\"nofollow noopener noreferrer\">\n\t\t\t\t\t\tCite\u0219te mai mult\n\t\t<\/a>\n    <figure>\n        <img loading=\"lazy\" src=\"http:\/\/wayris.org\/wp-content\/uploads\/2020\/05\/001-bio.svg\" alt=\"Bio Degradabil\" width=\"100\" height=\"100\">\n        <figcaption>\n            Fa-ti prieteni noi, incepe cu natura, solutia este aici\n        <\/figcaption>\n    <\/figure>\n    <figure>\n        <img loading=\"lazy\" src=\"http:\/\/wayris.org\/wp-content\/uploads\/2020\/05\/002-cookie.svg\" alt=\"Edible\" width=\"100\" height=\"100\">\n        <figcaption>\n            Biscuit + bautura preferata = placere pentru toti\n        <\/figcaption>\n    <\/figure>\n    <figure>\n        <img loading=\"lazy\" src=\"http:\/\/wayris.org\/wp-content\/uploads\/2020\/05\/003-care.svg\" alt=\"Healthy\" width=\"100\" height=\"100\">\n        <figcaption>\n            E sanatos pentru tine si planeta, doar incearca\n        <\/figcaption>\n    <\/figure>\n\t<h2>\n\t\t\t\t\tDoar trageti o privire la aceste pahare delicioase \ud83d\ude0d\n\t\t\t\t<\/h2>\n\t\t\t<p>Pute\u021bi \u00eencerca cele trei tipuri de pahare Wayris<\/p>\t\t\n\t\t\t\t<img src=\"http:\/\/wayris.org\/wp-content\/uploads\/2020\/05\/wayris-classic-cup-2.png\" alt=\"wayris-classic-cup\" itemprop=\"image\" title=\"wayris-classic-cup\" onerror=\"this.style.display='none'\">\n    <img loading=\"lazy\" src=\"http:\/\/wayris.org\/wp-content\/uploads\/2020\/05\/classic-cup-sign.png\" alt=\"Classic cup sign\" width=\"150\" height=\"150\">\n    <h4>Classic<\/h4>\n\t\t\t\t<img src=\"http:\/\/wayris.org\/wp-content\/uploads\/2020\/05\/wayris-cup-black-chocolate-1.png\" alt=\"wayris-cup-black-chocolate\" itemprop=\"image\" title=\"wayris-cup-black-chocolate\" onerror=\"this.style.display='none'\">\n    <img loading=\"lazy\" src=\"http:\/\/wayris.org\/wp-content\/uploads\/2020\/05\/chocolate-cup-sign.png\" alt=\"Classic cup sign\" width=\"150\" height=\"150\">\n    <h4>Ciocolata neagra<\/h4>\n\t\t\t\t<img src=\"http:\/\/wayris.org\/wp-content\/uploads\/2020\/05\/wayris-cup-white-chocolate-1.png\" alt=\"wayris-cup-white-chocolate\" itemprop=\"image\" title=\"wayris-cup-white-chocolate\" onerror=\"this.style.display='none'\">\n    <img loading=\"lazy\" src=\"http:\/\/wayris.org\/wp-content\/uploads\/2020\/05\/white-chocolate-cup-sign.png\" alt=\"Classic cup sign\" width=\"150\" height=\"150\">\n    <h4>Ciocolata alba<\/h4>\n\t<h2>\n\t\t\t\t\tDoar igrediente naturale, pentru ca ne pasa \ud83e\udd17\n\t\t\t\t<\/h2>\n\t\t\t<p>Do you want to know from what are made the Wayris cups?&nbsp;Follow the ingredients<\/p>\t\t\n\t<h3>\n\t\t\t\t\tComponente:\n\t\t\t\t<\/h3>\n\t\t\t<p>F\u0103in\u0103 de gr\u00e2u c \/ s, ap\u0103 potabil\u0103, zah\u0103r cristal, pulbere de ou\u0103 de pui, lapte praf degresat, t\u0103r\u00e2\u021be de gr\u00e2u, agent de aerare, arom\u0103 de vanilie<\/p>\t\t\n\t<h3>\n\t\t\t\t\tTermen de valabilitate:\n\t\t\t\t<\/h3>\n\t\t\t<p>Store at temperatures (18 &#8211; 5) C\u2070 and relative humidity of air max<\/p>\t\t\n\t<h3>\n\t\t\t\t\tMasa neta:\n\t\t\t\t<\/h3>\n\t\t\t<p>\u212e &#8211; 40g \/ \u212e &#8211; 55g with chocolate<\/p>\t\t\n\t\t\t\t<img src=\"http:\/\/wayris.org\/wp-content\/uploads\/2020\/05\/bite-wayris-cup.png\" alt=\"bite-wayris-cup\" itemprop=\"image\" title=\"bite-wayris-cup\" onerror=\"this.style.display='none'\">\n\t<h3>\n\t\t\t\t\t75% Nutrition Statement per 100g of product:\n\t\t\t\t<\/h3>\n\t\t\t<p>protein &#8211; 10,6gfat &#8211; 3,34gcarbohydrate &#8211; 44,7gsaturated fatty acids &#8211; 0,95gEnergy value &#8211; 251,3kcal \/ 1055,3kj<\/p>\t\t\n\t<h3>\n\t\t\t\t\tSubstante care cauzeaza alergie sau intoleranta:\n\t\t\t\t<\/h3>\n\t\t\t<p>gluten, praf de ou, lapte praf<\/p>\t\t\n\t<h2>\n\t\t\t\t\tZi de zi muncim pentru a fi mai aproape de tine\n\t\t\t\t<\/h2>\n\t\t\t<p>Poti sa incerci paharutele noastre comestibile Wayris in locatiile aproape de tine<\/p>\t\t\n\t<div  data-plugin=\"responsive-vector-maps\" data-ver=\"6.4.0\" class=\"map-container rvm-map-container\" id=\"world-map-172\"  style=\"width:100%;\"><\/div><script type=\"text\/javascript\">( function($) { $(function(){var region_background = {\"RO\" : \"#658474\",\"GB\" : \"#658474\",\"ES\" : \"#658474\",\"MD\" : \"#658474\",\"FI\" : \"#658474\",\"CZ\" : \"#658474\"};var region_popup = {\"RO\" : \"Wayris partners in Romania\",\"GB\" : \"Wayris partners in United Kingdom\",\"ES\" : \"Wayris partners in Spain\",\"MD\" : \"Wayris in Moldova\",\"FI\" : \"Wayris partners in Finland\",\"CZ\" : \"Wayris partners in Czech Republic\"};var map = new jvm.Map({    container: $(\"#world-map-172\"),    map: \"world_merc_en\" , regionsSelectable: true, regionStyle: { initial: { fill: \"#f0f0f0\", \"fill-opacity\": 1, stroke: \"#555555\", \"stroke-width\": 1}, hover: { \"fill\": \"#0C4CA3\", \"fill-opacity\" : 1 }, selected: { fill: \"#FFFFFF\" }}, backgroundColor: \"transparent\", zoomButtons: true, zoomOnScroll: false, onRegionTipShow : function(event, label, code){if(!region_popup.hasOwnProperty(code)) {return true ;}label.html(label.html() + \"<br\/>\"  + region_popup[code]);  }, onRegionOver : function(event, code){region_over = true ;if( code ==  \"RO\" ) { document.body.style.cursor = \"pointer\" ; }if( code ==  \"GB\" ) { document.body.style.cursor = \"pointer\" ; }if( code ==  \"ES\" ) { document.body.style.cursor = \"pointer\" ; }if( code ==  \"MD\" ) { document.body.style.cursor = \"pointer\" ; }if( code ==  \"FI\" ) { document.body.style.cursor = \"pointer\" ; }if( code ==  \"CZ\" ) { document.body.style.cursor = \"pointer\" ; }if( region_over ) { event.preventDefault(); } }, onRegionOut: function(element, code, region) { document.body.style.cursor = \"default\"; }, onRegionClick : function(event, code){if(code == \"RO\") { window.location.assign(\"http:\/\/wayris.org\/wayris-partners-in-romania\/\" ) ; }if(code == \"GB\") { window.location.assign(\"http:\/\/wayris.org\/wayris-partners-in-united-kingdom\/\" ) ; }if(code == \"ES\") { window.location.assign(\"http:\/\/wayris.org\/wayris-partners-in-spain\/\" ) ; }if(code == \"MD\") { window.location.assign(\"http:\/\/wayris.org\/about\/\" ) ; }if(code == \"FI\") { window.location.assign(\"http:\/\/wayris.org\/wayris-partners-in-finland\/\" ) ; }if(code == \"CZ\") { window.location.assign(\"http:\/\/wayris.org\/wayris-partners-in-czech-republic\/\" ) ; }}, series: { regions: [{ values: region_background, attribute: \"fill\" }]}, onMarkerClick: function(event, index) {if( markers[index].weburl ) { window.location.assign( markers[index].weburl ) ; } }, markerStyle: {initial: { fill: \"#6FB4FF\", stroke: \"#000000\" }}});});})(jQuery);<\/script><script type=\"text\/javascript\">( function($) {var map_container_width = $( \"#world-map-172\").width();var map_container_height = map_container_width \/ 1.5435268; $(\"#world-map-172\").css( { \"height\" : map_container_height ,  \"max-height\" : map_container_height } );$( window ).resize( function() {var map_container_width = $( \"#world-map-172\").width();var map_container_height = map_container_width \/ 1.5435268; $( \"#world-map-172\").css( { \"height\" : map_container_height ,  \"max-height\" : map_container_height } );});})(jQuery);<\/script><script>( function($) {$( \".rvm-close-default-card-container\").click(function (){$( \".rvm-close-default-card-container\").parents(\".rvm-default-card-container\").addClass(\"rvm-hide-card-container\");});})(jQuery);<\/script>\n\t<h2>\n\t\t\t\t\tActivitatile zilnice prezentate in poze\n\t\t\t\t<\/h2>\n\t\t\t<p>Sometimes pictures can say more than words&#8230;<\/p>\t\t\n\t\t\t\t\t\t                        <a href=\"https:\/\/wayris.org\/wp-content\/uploads\/2020\/05\/88204966_564479207478133_5726793106246860800_o.jpg\" title=\"\" data-effect=\"mfp-newspaper\">\n\t\t\t\t\t\t\t\t<img src=\"https:\/\/wayris.org\/wp-content\/uploads\/2020\/05\/88204966_564479207478133_5726793106246860800_o-240x300.jpg\">                            \n\t\t\t\t\t\t\t                        <\/a>\n\t\t\t\t\t\t                        <a href=\"https:\/\/wayris.org\/wp-content\/uploads\/2020\/05\/92227414_586016078657779_5604274916405805056_o.jpg\" title=\"\" data-effect=\"mfp-newspaper\">\n\t\t\t\t\t\t\t\t<img src=\"https:\/\/wayris.org\/wp-content\/uploads\/2020\/05\/92227414_586016078657779_5604274916405805056_o-300x240.jpg\">                            \n\t\t\t\t\t\t\t                        <\/a>\n\t\t\t\t\t\t                        <a href=\"https:\/\/wayris.org\/wp-content\/uploads\/2020\/05\/C1164B90-87F6-404C-940E-9A1C4FB76B30-scaled.jpeg\" title=\"\" data-effect=\"mfp-newspaper\">\n\t\t\t\t\t\t\t\t<img src=\"https:\/\/wayris.org\/wp-content\/uploads\/2020\/05\/C1164B90-87F6-404C-940E-9A1C4FB76B30-300x199.jpeg\">                            \n\t\t\t\t\t\t\t                        <\/a>\n\t\t\t\t\t\t                        <a href=\"https:\/\/wayris.org\/wp-content\/uploads\/2020\/05\/86459330_557838838142170_7820784663152033792_o.jpg\" title=\"\" data-effect=\"mfp-newspaper\">\n\t\t\t\t\t\t\t\t<img src=\"https:\/\/wayris.org\/wp-content\/uploads\/2020\/05\/86459330_557838838142170_7820784663152033792_o-300x240.jpg\">                            \n\t\t\t\t\t\t\t                        <\/a>\n\t\t\t\t\t\t                        <a href=\"https:\/\/wayris.org\/wp-content\/uploads\/2020\/05\/82493373_541068086485912_581540002102509568_o.jpg\" title=\"\" data-effect=\"mfp-newspaper\">\n\t\t\t\t\t\t\t\t<img src=\"https:\/\/wayris.org\/wp-content\/uploads\/2020\/05\/82493373_541068086485912_581540002102509568_o-234x300.jpg\">                            \n\t\t\t\t\t\t\t                        <\/a>\n\t\t\t\t\t\t                        <a href=\"https:\/\/wayris.org\/wp-content\/uploads\/2020\/05\/83910875_546607192598668_621084977177559040_o.jpg\" title=\"\" data-effect=\"mfp-newspaper\">\n\t\t\t\t\t\t\t\t<img src=\"https:\/\/wayris.org\/wp-content\/uploads\/2020\/05\/83910875_546607192598668_621084977177559040_o-300x178.jpg\">                            \n\t\t\t\t\t\t\t                        <\/a>\n\t\t\t\t\t\t                        <a href=\"https:\/\/wayris.org\/wp-content\/uploads\/2020\/05\/92704923_588697408389646_1239683529067986944_o.jpg\" title=\"\" data-effect=\"mfp-newspaper\">\n\t\t\t\t\t\t\t\t<img src=\"https:\/\/wayris.org\/wp-content\/uploads\/2020\/05\/92704923_588697408389646_1239683529067986944_o-300x296.jpg\">                            \n\t\t\t\t\t\t\t                        <\/a>\n\t\t\t\t\t\t                        <a href=\"https:\/\/wayris.org\/wp-content\/uploads\/2020\/05\/87757858_561282804464440_8573500397858062336_o.jpg\" title=\"\" data-effect=\"mfp-newspaper\">\n\t\t\t\t\t\t\t\t<img src=\"https:\/\/wayris.org\/wp-content\/uploads\/2020\/05\/87757858_561282804464440_8573500397858062336_o-260x300.jpg\">                            \n\t\t\t\t\t\t\t                        <\/a>\n\t\t\t\t\t\t                        <a href=\"https:\/\/wayris.org\/wp-content\/uploads\/2020\/05\/IMG_1162-scaled.jpeg\" title=\"\" data-effect=\"mfp-newspaper\">\n\t\t\t\t\t\t\t\t<img src=\"https:\/\/wayris.org\/wp-content\/uploads\/2020\/05\/IMG_1162-300x200.jpeg\">                            \n\t\t\t\t\t\t\t                        <\/a>\n\t\t\t\t            <!--njba-gallery-wrapper-->\n        <!--njba-gallery-body-->\n    <!--njba-gallery-main-->\n\t\t\t<a href=\"https:\/\/wayris.org\/ro\/gallery\/\" target=\"_self\" role=\"button\" rel=\"nofollow noopener noreferrer\">\n\t\t\t\t\t\tGaleria noastr\u0103\n\t\t<\/a>\n\t<h2>\n\t\t\t\t\tIntra in Contact\n\t\t\t\t<\/h2>\n\t\t\t<p>Opinia ta este solutia noastra<\/p>\t\t\n\t\t\t\t<h3>Redivivus Grup SRL<\/h3>\t\t<p>Moldova, Chisinau, str. Uzinelor 188<\/p>\t\t    \n\t\t\t\t<h3>Adresa noastra de email<\/h3>\t\t<p><a href=\"mailto:info@wayris.org\">info@wayris.org<\/a><\/p>\t\t    \n\t\t\t\t<h3>Administrator<\/h3>\t\t<p><a href=\"tel:37369604077\">+37369604077<\/a> &#8211; Maxim Zagorneanu<\/p>\t\t    \n\t\t\t\t<h3>Manager<\/h3>\t\t<p><a href=\"tel:37369096927\">+37369096927<\/a> &#8211; Cristina Ungureanu<\/p>","protected":false},"excerpt":{"rendered":"<p>#enjoyandsave Enjoy your coffee, Save the Earth Bring back the natural \ud83c\udf3f aspect of our planet! Protect it, respect it and just be one part of nature. View our gallery Watch our story About our edible cups Short information about us Wayris cups are an alternative to replacing plastic cups. [&hellip;]<\/p>","protected":false},"author":1,"featured_media":0,"parent":0,"menu_order":0,"comment_status":"closed","ping_status":"closed","template":"page-templates\/full-width-no-title.php","meta":[],"amp_validity":null,"amp_enabled":false,"_links":{"self":[{"href":"https:\/\/wayris.org\/ro\/wp-json\/wp\/v2\/pages\/24"}],"collection":[{"href":"https:\/\/wayris.org\/ro\/wp-json\/wp\/v2\/pages"}],"about":[{"href":"https:\/\/wayris.org\/ro\/wp-json\/wp\/v2\/types\/page"}],"author":[{"embeddable":true,"href":"https:\/\/wayris.org\/ro\/wp-json\/wp\/v2\/users\/1"}],"replies":[{"embeddable":true,"href":"https:\/\/wayris.org\/ro\/wp-json\/wp\/v2\/comments?post=24"}],"version-history":[{"count":131,"href":"https:\/\/wayris.org\/ro\/wp-json\/wp\/v2\/pages\/24\/revisions"}],"predecessor-version":[{"id":1930,"href":"https:\/\/wayris.org\/ro\/wp-json\/wp\/v2\/pages\/24\/revisions\/1930"}],"wp:attachment":[{"href":"https:\/\/wayris.org\/ro\/wp-json\/wp\/v2\/media?parent=24"}],"curies":[{"name":"wp","href":"https:\/\/api.w.org\/{rel}","templated":true}]}}